{"id":15,"date":"2023-01-09T12:34:54","date_gmt":"2023-01-09T12:34:54","guid":{"rendered":"https:\/\/fliesentechnik-bau.de\/?page_id=15"},"modified":"2023-01-09T12:34:54","modified_gmt":"2023-01-09T12:34:54","slug":"startseite","status":"publish","type":"page","link":"https:\/\/fliesentechnik-bau.de\/","title":{"rendered":"Willkommen"},"content":{"rendered":"\n<p><strong>bei Fliesentechnik-Bau<br><br>Fliesen-,Mosaik-,Naturstein-Plattenverlegung<br><br>Haben Sie Lust auf Ver\u00e4nderung ?<br>Ihr Bad, K\u00fcche, Fu\u00dfboden oder Terrasse bedarf einer Modernisierung, Sanierung oder Erneuerung?<br>Um diese Arbeiten gekonnt auszuf\u00fchren stehe ich Ihnen als Fliesenleger zur Seite, der diesen besonderen Anforderungen in allen Bereichen gewachsen ist.<br>Lassen Sie sich von unserem jungen Team beraten und finden Sie f\u00fcr Ihr Vorhaben eine einwandfreie L\u00f6sung.<\/strong><\/p>\n\n\n\n<figure class=\"wp-block-gallery has-nested-images columns-default is-cropped wp-block-gallery-1 is-layout-flex wp-block-gallery-is-layout-flex\">\n<figure class=\"wp-block-image size-large\"><img loading=\"lazy\" decoding=\"async\" width=\"496\" height=\"349\" data-id=\"87\" src=\"https:\/\/fliesentechnik-bau.de\/wp-content\/uploads\/2023\/01\/Firmen-03-1.jpg\" alt=\"\" class=\"wp-image-87\" srcset=\"https:\/\/fliesentechnik-bau.de\/wp-content\/uploads\/2023\/01\/Firmen-03-1.jpg 496w, https:\/\/fliesentechnik-bau.de\/wp-content\/uploads\/2023\/01\/Firmen-03-1-300x211.jpg 300w\" sizes=\"auto, (max-width: 496px) 100vw, 496px\" \/><\/figure>\n<\/figure>\n\n\n\n<figure class=\"wp-block-gallery has-nested-images columns-default is-cropped wp-block-gallery-2 is-layout-flex wp-block-gallery-is-layout-flex\"><\/figure>\n","protected":false},"excerpt":{"rendered":"<p>bei Fliesentechnik-Bau Fliesen-,Mosaik-,Naturstein-Plattenverlegung Haben Sie Lust auf Ver\u00e4nderung ?Ihr Bad, K\u00fcche, Fu\u00dfboden oder Terrasse bedarf einer Modernisierung, Sanierung oder Erneuerung?Um diese Arbeiten gekonnt auszuf\u00fchren stehe ich Ihnen als Fliesenleger zur Seite, der diesen besonderen Anforderungen in allen Bereichen gewachsen ist.Lassen Sie sich von unserem jungen Team beraten und finden Sie f\u00fcr Ihr Vorhaben eine einwandfreie &hellip; <\/p>\n<p class=\"link-more\"><a href=\"https:\/\/fliesentechnik-bau.de\/\" class=\"more-link\">Mehr <span class=\"screen-reader-text\">\u00fcber &#8222;Willkommen&#8220; <\/span>Lesen<\/a><\/p>\n","protected":false},"author":1,"featured_media":0,"parent":0,"menu_order":0,"comment_status":"closed","ping_status":"closed","template":"","meta":{"inspiro_hide_title":false,"footnotes":""},"class_list":["post-15","page","type-page","status-publish","hentry"],"_links":{"self":[{"href":"https:\/\/fliesentechnik-bau.de\/index.php?rest_route=\/wp\/v2\/pages\/15","targetHints":{"allow":["GET"]}}],"collection":[{"href":"https:\/\/fliesentechnik-bau.de\/index.php?rest_route=\/wp\/v2\/pages"}],"about":[{"href":"https:\/\/fliesentechnik-bau.de\/index.php?rest_route=\/wp\/v2\/types\/page"}],"author":[{"embeddable":true,"href":"https:\/\/fliesentechnik-bau.de\/index.php?rest_route=\/wp\/v2\/users\/1"}],"replies":[{"embeddable":true,"href":"https:\/\/fliesentechnik-bau.de\/index.php?rest_route=%2Fwp%2Fv2%2Fcomments&post=15"}],"version-history":[{"count":5,"href":"https:\/\/fliesentechnik-bau.de\/index.php?rest_route=\/wp\/v2\/pages\/15\/revisions"}],"predecessor-version":[{"id":89,"href":"https:\/\/fliesentechnik-bau.de\/index.php?rest_route=\/wp\/v2\/pages\/15\/revisions\/89"}],"wp:attachment":[{"href":"https:\/\/fliesentechnik-bau.de\/index.php?rest_route=%2Fwp%2Fv2%2Fmedia&parent=15"}],"curies":[{"name":"wp","href":"https:\/\/api.w.org\/{rel}","templated":true}]}}