{"id":3,"date":"2023-01-09T11:52:09","date_gmt":"2023-01-09T11:52:09","guid":{"rendered":"https:\/\/fliesentechnik-bau.de\/?page_id=3"},"modified":"2025-12-17T12:00:58","modified_gmt":"2025-12-17T12:00:58","slug":"privacy-policy","status":"publish","type":"page","link":"https:\/\/fliesentechnik-bau.de\/?page_id=3","title":{"rendered":"Datenschutzerkl\u00e4rung"},"content":{"rendered":"<h1>Datenschutzerkl\u00e4rung<\/h1>\n<h2 id=\"m716\">Pr\u00e4ambel<\/h2>\n<p>Mit der folgenden Datenschutzerkl\u00e4rung m\u00f6chten wir Sie dar\u00fcber aufkl\u00e4ren, welche Arten Ihrer personenbezogenen Daten (nachfolgend auch kurz als &#8222;Daten&#8220; bezeichnet) wir zu welchen Zwecken und in welchem Umfang verarbeiten. Die Datenschutzerkl\u00e4rung gilt f\u00fcr alle von uns durchgef\u00fchrten Verarbeitungen personenbezogener Daten, sowohl im Rahmen der Erbringung unserer Leistungen als auch insbesondere auf unseren Webseiten, in mobilen Applikationen sowie innerhalb externer Onlinepr\u00e4senzen, wie z.\u00a0B. unserer Social-Media-Profile (nachfolgend zusammenfassend bezeichnet als &#8222;Onlineangebot&#8220;).<\/p>\n<p>Die verwendeten Begriffe sind nicht geschlechtsspezifisch.<\/p>\n<p>Stand: 17. Dezember 2025<\/p>\n<p class=\"seal\"><a href=\"https:\/\/datenschutz-generator.de\/\" title=\"Rechtstext von Dr. Schwenke - f\u00fcr weitere Informationen bitte anklicken.\" target=\"_blank\" rel=\"noopener noreferrer nofollow\"><img loading=\"lazy\" decoding=\"async\" src=\"https:\/\/datenschutz-generator.de\/wp-content\/plugins\/ts-dsg\/images\/dsg-seal\/dsg-seal-pp-de.png\" alt=\"Rechtstext von Dr. Schwenke - f\u00fcr weitere Informationen bitte anklicken.\" width=\"250\" height=\"250\"><\/a><\/p>\n<h2>Inhalts\u00fcbersicht<\/h2>\n<ul class=\"index\">\n<li><a class=\"index-link\" href=\"#m716\">Pr\u00e4ambel<\/a><\/li>\n<li><a class=\"index-link\" href=\"#m3\">Verantwortlicher<\/a><\/li>\n<li><a class=\"index-link\" href=\"#mOverview\">\u00dcbersicht der Verarbeitungen<\/a><\/li>\n<li><a class=\"index-link\" href=\"#m2427\">Ma\u00dfgebliche Rechtsgrundlagen<\/a><\/li>\n<li><a class=\"index-link\" href=\"#m25\">\u00dcbermittlung von personenbezogenen Daten<\/a><\/li>\n<li><a class=\"index-link\" href=\"#m24\">Internationale Datentransfers<\/a><\/li>\n<li><a class=\"index-link\" href=\"#m12\">Allgemeine Informationen zur Datenspeicherung und L\u00f6schung<\/a><\/li>\n<li><a class=\"index-link\" href=\"#m10\">Rechte der betroffenen Personen<\/a><\/li>\n<li><a class=\"index-link\" href=\"#m182\">Kontakt- und Anfrageverwaltung<\/a><\/li>\n<li><a class=\"index-link\" href=\"#m15\">\u00c4nderung und Aktualisierung<\/a><\/li>\n<li><a class=\"index-link\" href=\"#m42\">Begriffsdefinitionen<\/a><\/li>\n<\/ul>\n<h2 id=\"m3\">Verantwortlicher<\/h2>\n<p>fliesentechnik-bau<br \/>Viktor Milicevic<br \/>Kiefkampstr. 7<br \/>30629 Hannover<\/p>\n<p>E-Mail-Adresse: fliesentechnik-bau@t-online.de<\/p>\n<p>Telefon: +49 511 5930270<\/p>\n<p>Impressum: <a href=\"https:\/\/fliesentechnik-bau.de\/?page_id=130\" target=\"_blank\">https:\/\/fliesentechnik-bau.de\/?page_id=130<\/a><\/p>\n<h2 id=\"mOverview\">\u00dcbersicht der Verarbeitungen<\/h2>\n<p>Die nachfolgende \u00dcbersicht fasst die Arten der verarbeiteten Daten und die Zwecke ihrer Verarbeitung zusammen und verweist auf die betroffenen Personen.<\/p>\n<h3>Arten der verarbeiteten Daten<\/h3>\n<ul>\n<li>Bestandsdaten.<\/li>\n<li>Kontaktdaten.<\/li>\n<li>Inhaltsdaten.<\/li>\n<li>Nutzungsdaten.<\/li>\n<li>Meta-, Kommunikations- und Verfahrensdaten.<\/li>\n<li>Protokolldaten.<\/li>\n<\/ul>\n<h3>Kategorien betroffener Personen<\/h3>\n<ul>\n<li>Kommunikationspartner.<\/li>\n<li>Nutzer.<\/li>\n<\/ul>\n<h3>Zwecke der Verarbeitung<\/h3>\n<ul>\n<li>Kommunikation.<\/li>\n<li>Organisations- und Verwaltungsverfahren.<\/li>\n<li>Feedback.<\/li>\n<li>Bereitstellung unseres Onlineangebotes und Nutzerfreundlichkeit.<\/li>\n<li>Informationstechnische Infrastruktur.<\/li>\n<\/ul>\n<h2 id=\"m2427\">Ma\u00dfgebliche Rechtsgrundlagen<\/h2>\n<p><strong>Ma\u00dfgebliche Rechtsgrundlagen nach der DSGVO: <\/strong>Im Folgenden erhalten Sie eine \u00dcbersicht der Rechtsgrundlagen der DSGVO, auf deren Basis wir personenbezogene Daten verarbeiten. Bitte nehmen Sie zur Kenntnis, dass neben den Regelungen der DSGVO nationale Datenschutzvorgaben in Ihrem bzw. unserem Wohn- oder Sitzland gelten k\u00f6nnen. Sollten ferner im Einzelfall speziellere Rechtsgrundlagen ma\u00dfgeblich sein, teilen wir Ihnen diese in der Datenschutzerkl\u00e4rung mit.<\/p>\n<ul>\n<li><strong>Berechtigte Interessen (Art. 6 Abs. 1 S. 1 lit. f) DSGVO)<\/strong> &#8211; die Verarbeitung ist zur Wahrung der berechtigten Interessen des Verantwortlichen oder eines Dritten notwendig, vorausgesetzt, dass die Interessen, Grundrechte und Grundfreiheiten der betroffenen Person, die den Schutz personenbezogener Daten verlangen, nicht \u00fcberwiegen.<\/li>\n<\/ul>\n<p><strong>Nationale Datenschutzregelungen in Deutschland: <\/strong>Zus\u00e4tzlich zu den Datenschutzregelungen der DSGVO gelten nationale Regelungen zum Datenschutz in Deutschland. Hierzu geh\u00f6rt insbesondere das Gesetz zum Schutz vor Missbrauch personenbezogener Daten bei der Datenverarbeitung (Bundesdatenschutzgesetz \u2013 BDSG). Das BDSG enth\u00e4lt insbesondere Spezialregelungen zum Recht auf Auskunft, zum Recht auf L\u00f6schung, zum Widerspruchsrecht, zur Verarbeitung besonderer Kategorien personenbezogener Daten, zur Verarbeitung f\u00fcr andere Zwecke und zur \u00dcbermittlung sowie automatisierten Entscheidungsfindung im Einzelfall einschlie\u00dflich Profiling. Ferner k\u00f6nnen Landesdatenschutzgesetze der einzelnen Bundesl\u00e4nder zur Anwendung gelangen.<\/p>\n<h2 id=\"m25\">\u00dcbermittlung von personenbezogenen Daten<\/h2>\n<p>Im Rahmen unserer Verarbeitung von personenbezogenen Daten kommt es vor, dass diese an andere Stellen, Unternehmen, rechtlich selbstst\u00e4ndige Organisationseinheiten oder Personen \u00fcbermittelt beziehungsweise ihnen gegen\u00fcber offengelegt werden. Zu den Empf\u00e4ngern dieser Daten k\u00f6nnen z.\u00a0B. mit IT-Aufgaben beauftragte Dienstleister geh\u00f6ren oder Anbieter von Diensten und Inhalten, die in eine Website eingebunden sind. In solchen F\u00e4llen beachten wir die gesetzlichen Vorgaben und schlie\u00dfen insbesondere entsprechende Vertr\u00e4ge bzw. Vereinbarungen, die dem Schutz Ihrer Daten dienen, mit den Empf\u00e4ngern Ihrer Daten ab.<\/p>\n<h2 id=\"m24\">Internationale Datentransfers<\/h2>\n<p>Datenverarbeitung in Drittl\u00e4ndern: Sofern wir Daten in ein Drittland (d. h. au\u00dferhalb der Europ\u00e4ischen Union (EU) oder des Europ\u00e4ischen Wirtschaftsraums (EWR)) \u00fcbermitteln oder dies im Rahmen der Nutzung von Diensten Dritter oder der Offenlegung bzw. \u00dcbermittlung von Daten an andere Personen, Stellen oder Unternehmen geschieht (was erkennbar wird anhand der Postadresse des jeweiligen Anbieters oder wenn in der Datenschutzerkl\u00e4rung ausdr\u00fccklich auf den Datentransfer in Drittl\u00e4nder hingewiesen wird), erfolgt dies stets im Einklang mit den gesetzlichen Vorgaben.<\/p>\n<p>F\u00fcr Daten\u00fcbermittlungen in die USA st\u00fctzen wir uns vorrangig auf das Data Privacy Framework (DPF), welches durch einen Angemessenheitsbeschluss der EU-Kommission vom 10.07.2023 als sicherer Rechtsrahmen anerkannt wurde. Zus\u00e4tzlich haben wir mit den jeweiligen Anbietern Standardvertragsklauseln abgeschlossen, die den Vorgaben der EU-Kommission entsprechen und vertragliche Verpflichtungen zum Schutz Ihrer Daten festlegen.<\/p>\n<p>Diese zweifache Absicherung gew\u00e4hrleistet einen umfassenden Schutz Ihrer Daten: Das DPF bildet die prim\u00e4re Schutzebene, w\u00e4hrend die Standardvertragsklauseln als zus\u00e4tzliche Sicherheit dienen. Sollten sich \u00c4nderungen im Rahmen des DPF ergeben, greifen die Standardvertragsklauseln als zuverl\u00e4ssige R\u00fcckfalloption ein. So stellen wir sicher, dass Ihre Daten auch bei etwaigen politischen oder rechtlichen Ver\u00e4nderungen stets angemessen gesch\u00fctzt bleiben.<\/p>\n<p>Bei den einzelnen Diensteanbietern informieren wir Sie dar\u00fcber, ob sie nach dem DPF zertifiziert sind und ob Standardvertragsklauseln vorliegen. Weitere Informationen zum DPF und eine Liste der zertifizierten Unternehmen finden Sie auf der Website des US-Handelsministeriums unter <a href=\"https:\/\/www.dataprivacyframework.gov\/\" target=\"_blank\">https:\/\/www.dataprivacyframework.gov\/<\/a> (in englischer Sprache).<\/p>\n<p>F\u00fcr Daten\u00fcbermittlungen in andere Drittl\u00e4nder gelten entsprechende Sicherheitsma\u00dfnahmen, insbesondere Standardvertragsklauseln, ausdr\u00fcckliche Einwilligungen oder gesetzlich erforderliche \u00dcbermittlungen. Informationen zu Drittlandtransfers und geltenden Angemessenheitsbeschl\u00fcssen k\u00f6nnen Sie dem Informationsangebot der EU-Kommission entnehmen: <a href=\"https:\/\/commission.europa.eu\/law\/law-topic\/data-protection\/international-dimension-data-protection_en?prefLang=de\" target=\"_blank\">https:\/\/commission.europa.eu\/law\/law-topic\/data-protection\/international-dimension-data-protection_en?prefLang=de.<\/a><\/p>\n<h2 id=\"m12\">Allgemeine Informationen zur Datenspeicherung und L\u00f6schung<\/h2>\n<p>Wir l\u00f6schen personenbezogene Daten, die wir verarbeiten, gem\u00e4\u00df den gesetzlichen Bestimmungen, sobald die zugrundeliegenden Einwilligungen widerrufen werden oder keine weiteren rechtlichen Grundlagen f\u00fcr die Verarbeitung bestehen. Dies betrifft F\u00e4lle, in denen der urspr\u00fcngliche Verarbeitungszweck entf\u00e4llt oder die Daten nicht mehr ben\u00f6tigt werden. Ausnahmen von dieser Regelung bestehen, wenn gesetzliche Pflichten oder besondere Interessen eine l\u00e4ngere Aufbewahrung oder Archivierung der Daten erfordern.<\/p>\n<p>Insbesondere m\u00fcssen Daten, die aus handels- oder steuerrechtlichen Gr\u00fcnden aufbewahrt werden m\u00fcssen oder deren Speicherung notwendig ist zur Rechtsverfolgung oder zum Schutz der Rechte anderer nat\u00fcrlicher oder juristischer Personen, entsprechend archiviert werden.<\/p>\n<p>Unsere Datenschutzhinweise enthalten zus\u00e4tzliche Informationen zur Aufbewahrung und L\u00f6schung von Daten, die speziell f\u00fcr bestimmte Verarbeitungsprozesse gelten.<\/p>\n<p>Bei mehreren Angaben zur Aufbewahrungsdauer oder L\u00f6schungsfristen eines Datums, ist stets die l\u00e4ngste Frist ma\u00dfgeblich. Daten, die nicht mehr f\u00fcr den urspr\u00fcnglich vorgesehenen Zweck, sondern aufgrund gesetzlicher Vorgaben oder anderer Gr\u00fcnde aufbewahrt werden, verarbeiten wir ausschlie\u00dflich zu den Gr\u00fcnden, die ihre Aufbewahrung rechtfertigen.<\/p>\n<p>Aufbewahrung und L\u00f6schung von Daten: Die folgenden allgemeinen Fristen gelten f\u00fcr die Aufbewahrung und Archivierung nach deutschem Recht:<\/p>\n<ul>\n<li>10 Jahre &#8211; Aufbewahrungsfrist f\u00fcr B\u00fccher und Aufzeichnungen, Jahresabschl\u00fcsse, Inventare, Lageberichte, Er\u00f6ffnungsbilanz sowie die zu ihrem Verst\u00e4ndnis erforderlichen Arbeitsanweisungen und sonstigen Organisationsunterlagen (\u00a7 147 Abs. 1 Nr. 1 i.V.m. Abs. 3 AO, \u00a7 14b Abs. 1 UStG, \u00a7 257 Abs. 1 Nr. 1 i.V.m. Abs. 4 HGB).<\/li>\n<li>8 Jahre &#8211; Buchungsbelege, wie z.\u00a0B. Rechnungen und Kostenbelege (\u00a7 147 Abs. 1 Nr. 4 und 4a i.V.m. Abs. 3 Satz 1 AO sowie \u00a7 257 Abs. 1 Nr. 4 i.V.m. Abs. 4 HGB).<\/li>\n<li>6 Jahre &#8211; \u00dcbrige Gesch\u00e4ftsunterlagen: empfangene Handels- oder Gesch\u00e4ftsbriefe, Wiedergaben der abgesandten Handels- oder Gesch\u00e4ftsbriefe, sonstige Unterlagen, soweit sie f\u00fcr die Besteuerung von Bedeutung sind, z.\u00a0B. Stundenlohnzettel, Betriebsabrechnungsb\u00f6gen, Kalkulationsunterlagen, Preisauszeichnungen, aber auch Lohnabrechnungsunterlagen, soweit sie nicht bereits Buchungsbelege sind und Kassenstreifen (\u00a7 147 Abs. 1 Nr. 2, 3, 5 i.V.m. Abs. 3 AO, \u00a7 257 Abs. 1 Nr. 2 u. 3 i.V.m. Abs. 4 HGB).<\/li>\n<li>3 Jahre &#8211; Daten, die erforderlich sind, um potenzielle Gew\u00e4hrleistungs- und Schadensersatzanspr\u00fcche oder \u00e4hnliche vertragliche Anspr\u00fcche und Rechte zu ber\u00fccksichtigen sowie damit verbundene Anfragen zu bearbeiten, basierend auf fr\u00fcheren Gesch\u00e4ftserfahrungen und \u00fcblichen Branchenpraktiken, werden f\u00fcr die Dauer der regul\u00e4ren gesetzlichen Verj\u00e4hrungsfrist von drei Jahren gespeichert (\u00a7\u00a7 195, 199 BGB).<\/li>\n<\/ul>\n<p>Fristbeginn mit Ablauf des Jahres: Beginnt eine Frist nicht ausdr\u00fccklich zu einem bestimmten Datum und betr\u00e4gt sie mindestens ein Jahr, so startet sie automatisch am Ende des Kalenderjahres, in dem das fristausl\u00f6sende Ereignis eingetreten ist. Im Fall laufender Vertragsverh\u00e4ltnisse, in deren Rahmen Daten gespeichert werden, ist das fristausl\u00f6sende Ereignis der Zeitpunkt des Wirksamwerdens der K\u00fcndigung oder sonstige Beendigung des Rechtsverh\u00e4ltnisses.<\/p>\n<h2 id=\"m10\">Rechte der betroffenen Personen<\/h2>\n<p>Rechte der betroffenen Personen aus der DSGVO: Ihnen stehen als Betroffene nach der DSGVO verschiedene Rechte zu, die sich insbesondere aus Art. 15 bis 21 DSGVO ergeben:<\/p>\n<ul>\n<li><strong>Widerspruchsrecht: Sie haben das Recht, aus Gr\u00fcnden, die sich aus Ihrer besonderen Situation ergeben, jederzeit gegen die Verarbeitung der Sie betreffenden personenbezogenen Daten, die aufgrund von Art. 6 Abs. 1 lit. e oder f DSGVO erfolgt, Widerspruch einzulegen; dies gilt auch f\u00fcr ein auf diese Bestimmungen gest\u00fctztes Profiling. Werden die Sie betreffenden personenbezogenen Daten verarbeitet, um Direktwerbung zu betreiben, haben Sie das Recht, jederzeit Widerspruch gegen die Verarbeitung der Sie betreffenden personenbezogenen Daten zum Zwecke derartiger Werbung einzulegen; dies gilt auch f\u00fcr das Profiling, soweit es mit solcher Direktwerbung in Verbindung steht.<\/strong><\/li>\n<li><strong>Widerrufsrecht bei Einwilligungen:<\/strong> Sie haben das Recht, erteilte Einwilligungen jederzeit zu widerrufen.<\/li>\n<li><strong>Auskunftsrecht:<\/strong> Sie haben das Recht, eine Best\u00e4tigung dar\u00fcber zu verlangen, ob betreffende Daten verarbeitet werden und auf Auskunft \u00fcber diese Daten sowie auf weitere Informationen und Kopie der Daten entsprechend den gesetzlichen Vorgaben.<\/li>\n<li><strong>Recht auf Berichtigung:<\/strong> Sie haben entsprechend den gesetzlichen Vorgaben das Recht, die Vervollst\u00e4ndigung der Sie betreffenden Daten oder die Berichtigung der Sie betreffenden unrichtigen Daten zu verlangen.<\/li>\n<li><strong>Recht auf L\u00f6schung und Einschr\u00e4nkung der Verarbeitung:<\/strong> Sie haben nach Ma\u00dfgabe der gesetzlichen Vorgaben das Recht, zu verlangen, dass Sie betreffende Daten unverz\u00fcglich gel\u00f6scht werden, bzw. alternativ nach Ma\u00dfgabe der gesetzlichen Vorgaben eine Einschr\u00e4nkung der Verarbeitung der Daten zu verlangen.<\/li>\n<li><strong>Recht auf Daten\u00fcbertragbarkeit:<\/strong> Sie haben das Recht, Sie betreffende Daten, die Sie uns bereitgestellt haben, nach Ma\u00dfgabe der gesetzlichen Vorgaben in einem strukturierten, g\u00e4ngigen und maschinenlesbaren Format zu erhalten oder deren \u00dcbermittlung an einen anderen Verantwortlichen zu fordern.<\/li>\n<li><strong>Beschwerde bei Aufsichtsbeh\u00f6rde:<\/strong> Entsprechend den gesetzlichen Vorgaben und unbeschadet eines anderweitigen verwaltungsrechtlichen oder gerichtlichen Rechtsbehelfs, haben Sie ferner das Recht,  bei einer Datenschutzaufsichtsbeh\u00f6rde, insbesondere einer Aufsichtsbeh\u00f6rde im Mitgliedstaat, in dem Sie sich gew\u00f6hnlich aufhalten, der Aufsichtsbeh\u00f6rde Ihres Arbeitsplatzes oder des Ortes des mutma\u00dflichen Versto\u00dfes, eine Beschwerde einzulegen, wenn Sie der Ansicht sei sollten, dass die Verarbeitung der Ihre Person betreffenden personenbezogenen Daten gegen die DSGVO verst\u00f6\u00dft.<\/li>\n<\/ul>\n<h2 id=\"m182\">Kontakt- und Anfrageverwaltung<\/h2>\n<p>Bei der Kontaktaufnahme mit uns (z.\u00a0B. per Post, Kontaktformular, E-Mail, Telefon oder via soziale Medien) sowie im Rahmen bestehender Nutzer- und Gesch\u00e4ftsbeziehungen werden die Angaben der anfragenden Personen verarbeitet, soweit dies zur Beantwortung der Kontaktanfragen und etwaiger angefragter Ma\u00dfnahmen erforderlich ist.<\/p>\n<ul class=\"m-elements\">\n<li><strong>Verarbeitete Datenarten:<\/strong> Bestandsdaten (z.\u00a0B. der vollst\u00e4ndige Name, Wohnadresse, Kontaktinformationen, Kundennummer, etc.); Kontaktdaten (z.\u00a0B. Post- und E-Mail-Adressen oder Telefonnummern); Inhaltsdaten (z. B. textliche oder bildliche Nachrichten und Beitr\u00e4ge sowie die sie betreffenden Informationen, wie z. B. Angaben zur Autorenschaft oder Zeitpunkt der Erstellung). Meta-, Kommunikations- und Verfahrensdaten (z. B. IP-Adressen, Zeitangaben, Identifikationsnummern, beteiligte Personen).<\/li>\n<li><strong>Betroffene Personen:<\/strong> Kommunikationspartner.<\/li>\n<li><strong>Zwecke der Verarbeitung:<\/strong> Kommunikation; Organisations- und Verwaltungsverfahren; Feedback (z.\u00a0B. Sammeln von Feedback via Online-Formular). Bereitstellung unseres Onlineangebotes und Nutzerfreundlichkeit.<\/li>\n<li><strong>Aufbewahrung und L\u00f6schung:<\/strong> L\u00f6schung entsprechend Angaben im Abschnitt &#8222;Allgemeine Informationen zur Datenspeicherung und L\u00f6schung&#8220;.<\/li>\n<li class=\"\"><strong>Rechtsgrundlagen:<\/strong> Berechtigte Interessen (Art. 6 Abs. 1 S. 1 lit. f) DSGVO).<\/li>\n<\/ul>\n<p><strong>Weitere Hinweise zu Verarbeitungsprozessen, Verfahren und Diensten:<\/strong><\/p>\n<ul class=\"m-elements\">\n<li><strong>Contact Form 7: <\/strong>Management von Kontaktanfragen und Kommunikation; <strong>Dienstanbieter:<\/strong> Rock Lobster, LLC; <span class=\"\"><strong>Rechtsgrundlagen:<\/strong> Berechtigte Interessen (Art. 6 Abs. 1 S. 1 lit. f) DSGVO); <\/span><strong>Website:<\/strong> <a href=\"https:\/\/contactform7.com\/\" target=\"_blank\">https:\/\/contactform7.com\/<\/a>. <strong>Weitere Informationen:<\/strong> Betrieb innerhalb einer eigenen Hosting-Umgebung.<\/li>\n<\/ul>\n<h2 id=\"m15\">\u00c4nderung und Aktualisierung<\/h2>\n<p>Wir bitten Sie, sich regelm\u00e4\u00dfig \u00fcber den Inhalt unserer Datenschutzerkl\u00e4rung zu informieren. Wir passen die Datenschutzerkl\u00e4rung an, sobald die \u00c4nderungen der von uns durchgef\u00fchrten Datenverarbeitungen dies erforderlich machen. Wir informieren Sie, sobald durch die \u00c4nderungen eine Mitwirkungshandlung Ihrerseits (z.\u00a0B. Einwilligung) oder eine sonstige individuelle Benachrichtigung erforderlich wird.<\/p>\n<p>Sofern wir in dieser Datenschutzerkl\u00e4rung Adressen und Kontaktinformationen von Unternehmen und Organisationen angeben, bitten wir zu beachten, dass die Adressen sich \u00fcber die Zeit \u00e4ndern k\u00f6nnen und bitten die Angaben vor Kontaktaufnahme zu pr\u00fcfen.<\/p>\n<h2 id=\"m42\">Begriffsdefinitionen<\/h2>\n<p>In diesem Abschnitt erhalten Sie eine \u00dcbersicht \u00fcber die in dieser Datenschutzerkl\u00e4rung verwendeten Begrifflichkeiten. Soweit die Begrifflichkeiten gesetzlich definiert sind, gelten deren gesetzliche Definitionen. Die nachfolgenden Erl\u00e4uterungen sollen dagegen vor allem dem Verst\u00e4ndnis dienen.<\/p>\n<ul class=\"glossary\">\n<li><strong>Bestandsdaten:<\/strong> Bestandsdaten umfassen wesentliche Informationen, die f\u00fcr die Identifikation und Verwaltung von Vertragspartnern, Benutzerkonten, Profilen und \u00e4hnlichen Zuordnungen notwendig sind. Diese Daten k\u00f6nnen u.a. pers\u00f6nliche und demografische Angaben wie Namen, Kontaktinformationen (Adressen, Telefonnummern, E-Mail-Adressen), Geburtsdaten und spezifische Identifikatoren (Benutzer-IDs) beinhalten. Bestandsdaten bilden die Grundlage f\u00fcr jegliche formelle Interaktion zwischen Personen und Diensten, Einrichtungen oder Systemen, indem sie eine eindeutige Zuordnung und Kommunikation erm\u00f6glichen. <\/li>\n<li><strong>Inhaltsdaten:<\/strong> Inhaltsdaten umfassen Informationen, die im Zuge der Erstellung, Bearbeitung und Ver\u00f6ffentlichung von Inhalten aller Art generiert werden. Diese Kategorie von Daten kann Texte, Bilder, Videos, Audiodateien und andere multimediale Inhalte einschlie\u00dfen, die auf verschiedenen Plattformen und Medien ver\u00f6ffentlicht werden. Inhaltsdaten sind nicht nur auf den eigentlichen Inhalt beschr\u00e4nkt, sondern beinhalten auch Metadaten, die Informationen \u00fcber den Inhalt selbst liefern, wie Tags, Beschreibungen, Autoreninformationen und Ver\u00f6ffentlichungsdaten <\/li>\n<li><strong>Kontaktdaten:<\/strong> Kontaktdaten sind essentielle Informationen, die die Kommunikation mit Personen oder Organisationen erm\u00f6glichen. Sie umfassen u.a. Telefonnummern, postalische Adressen und E-Mail-Adressen, sowie Kommunikationsmittel wie soziale Medien-Handles und Instant-Messaging-Identifikatoren. <\/li>\n<li><strong>Meta-, Kommunikations- und Verfahrensdaten:<\/strong> Meta-, Kommunikations- und Verfahrensdaten sind Kategorien, die Informationen \u00fcber die Art und Weise enthalten, wie Daten verarbeitet, \u00fcbermittelt und verwaltet werden. Meta-Daten, auch bekannt als Daten \u00fcber Daten, umfassen Informationen, die den Kontext, die Herkunft und die Struktur anderer Daten beschreiben. Sie k\u00f6nnen Angaben zur Dateigr\u00f6\u00dfe, dem Erstellungsdatum, dem Autor eines Dokuments und den \u00c4nderungshistorien beinhalten. Kommunikationsdaten erfassen den Austausch von Informationen zwischen Nutzern \u00fcber verschiedene Kan\u00e4le, wie E-Mail-Verkehr, Anrufprotokolle, Nachrichten in sozialen Netzwerken und Chat-Verl\u00e4ufe, inklusive der beteiligten Personen, Zeitstempel und \u00dcbertragungswege. Verfahrensdaten beschreiben die Prozesse und Abl\u00e4ufe innerhalb von Systemen oder Organisationen, einschlie\u00dflich Workflow-Dokumentationen, Protokolle von Transaktionen und Aktivit\u00e4ten, sowie Audit-Logs, die zur Nachverfolgung und \u00dcberpr\u00fcfung von Vorg\u00e4ngen verwendet werden. <\/li>\n<li><strong>Nutzungsdaten:<\/strong> Nutzungsdaten beziehen sich auf Informationen, die erfassen, wie Nutzer mit digitalen Produkten, Dienstleistungen oder Plattformen interagieren. Diese Daten umfassen eine breite Palette von Informationen, die aufzeigen, wie Nutzer Anwendungen nutzen, welche Funktionen sie bevorzugen, wie lange sie auf bestimmten Seiten verweilen und \u00fcber welche Pfade sie durch eine Anwendung navigieren. Nutzungsdaten k\u00f6nnen auch die H\u00e4ufigkeit der Nutzung, Zeitstempel von Aktivit\u00e4ten, IP-Adressen, Ger\u00e4teinformationen und Standortdaten einschlie\u00dfen. Sie sind besonders wertvoll f\u00fcr die Analyse des Nutzerverhaltens, die Optimierung von Benutzererfahrungen, das Personalisieren von Inhalten und das Verbessern von Produkten oder Dienstleistungen. Dar\u00fcber hinaus spielen Nutzungsdaten eine entscheidende Rolle beim Erkennen von Trends, Vorlieben und m\u00f6glichen Problembereichen innerhalb digitaler Angebote <\/li>\n<li><strong>Personenbezogene Daten:<\/strong> &#8222;Personenbezogene Daten&#8220; sind alle Informationen, die sich auf eine identifizierte oder identifizierbare nat\u00fcrliche Person (im Folgenden &#8222;betroffene Person&#8220;) beziehen; als identifizierbar wird eine nat\u00fcrliche Person angesehen, die direkt oder indirekt, insbesondere mittels Zuordnung zu einer Kennung wie einem Namen, zu einer Kennnummer, zu Standortdaten, zu einer Online-Kennung (z.\u00a0B. Cookie) oder zu einem oder mehreren besonderen Merkmalen identifiziert werden kann, die Ausdruck der physischen, physiologischen, genetischen, psychischen, wirtschaftlichen, kulturellen oder sozialen Identit\u00e4t dieser nat\u00fcrlichen Person sind. <\/li>\n<li><strong>Protokolldaten:<\/strong> Protokolldaten sind Informationen \u00fcber Ereignisse oder Aktivit\u00e4ten, die in einem System oder Netzwerk protokolliert wurden. Diese Daten enthalten typischerweise Informationen wie Zeitstempel, IP-Adressen, Benutzeraktionen, Fehlermeldungen und andere Details \u00fcber die Nutzung oder den Betrieb eines Systems. Protokolldaten werden oft zur Analyse von Systemproblemen, zur Sicherheits\u00fcberwachung oder zur Erstellung von Leistungsberichten verwendet. <\/li>\n<li><strong>Verantwortlicher:<\/strong> Als &#8222;Verantwortlicher&#8220; wird die nat\u00fcrliche oder juristische Person, Beh\u00f6rde, Einrichtung oder andere Stelle, die allein oder gemeinsam mit anderen \u00fcber die Zwecke und Mittel der Verarbeitung von personenbezogenen Daten entscheidet, bezeichnet. <\/li>\n<li><strong>Verarbeitung:<\/strong> &#8222;Verarbeitung&#8220; ist jeder mit oder ohne Hilfe automatisierter Verfahren ausgef\u00fchrte Vorgang oder jede solche Vorgangsreihe im Zusammenhang mit personenbezogenen Daten. Der Begriff reicht weit und umfasst praktisch jeden Umgang mit Daten, sei es das Erheben, das Auswerten, das Speichern, das \u00dcbermitteln oder das L\u00f6schen. <\/li>\n<\/ul>\n","protected":false},"excerpt":{"rendered":"<p>Datenschutzerkl\u00e4rung Pr\u00e4ambel Mit der folgenden Datenschutzerkl\u00e4rung m\u00f6chten wir Sie dar\u00fcber aufkl\u00e4ren, welche Arten Ihrer personenbezogenen Daten (nachfolgend auch kurz als &#8222;Daten&#8220; bezeichnet) wir zu welchen Zwecken und in welchem Umfang verarbeiten. Die Datenschutzerkl\u00e4rung gilt f\u00fcr alle von uns durchgef\u00fchrten Verarbeitungen personenbezogener Daten, sowohl im Rahmen der Erbringung unserer Leistungen als auch insbesondere auf unseren Webseiten, &hellip; <\/p>\n<p class=\"link-more\"><a href=\"https:\/\/fliesentechnik-bau.de\/?page_id=3\" class=\"more-link\">Mehr <span class=\"screen-reader-text\">\u00fcber &#8222;Datenschutzerkl\u00e4rung&#8220; <\/span>Lesen<\/a><\/p>\n","protected":false},"author":1,"featured_media":0,"parent":0,"menu_order":0,"comment_status":"closed","ping_status":"closed","template":"","meta":{"inspiro_hide_title":false,"footnotes":""},"class_list":["post-3","page","type-page","status-publish","hentry"],"_links":{"self":[{"href":"https:\/\/fliesentechnik-bau.de\/index.php?rest_route=\/wp\/v2\/pages\/3","targetHints":{"allow":["GET"]}}],"collection":[{"href":"https:\/\/fliesentechnik-bau.de\/index.php?rest_route=\/wp\/v2\/pages"}],"about":[{"href":"https:\/\/fliesentechnik-bau.de\/index.php?rest_route=\/wp\/v2\/types\/page"}],"author":[{"embeddable":true,"href":"https:\/\/fliesentechnik-bau.de\/index.php?rest_route=\/wp\/v2\/users\/1"}],"replies":[{"embeddable":true,"href":"https:\/\/fliesentechnik-bau.de\/index.php?rest_route=%2Fwp%2Fv2%2Fcomments&post=3"}],"version-history":[{"count":6,"href":"https:\/\/fliesentechnik-bau.de\/index.php?rest_route=\/wp\/v2\/pages\/3\/revisions"}],"predecessor-version":[{"id":176,"href":"https:\/\/fliesentechnik-bau.de\/index.php?rest_route=\/wp\/v2\/pages\/3\/revisions\/176"}],"wp:attachment":[{"href":"https:\/\/fliesentechnik-bau.de\/index.php?rest_route=%2Fwp%2Fv2%2Fmedia&parent=3"}],"curies":[{"name":"wp","href":"https:\/\/api.w.org\/{rel}","templated":true}]}}